{"id":4559,"date":"2022-02-19T13:51:42","date_gmt":"2022-02-19T13:51:42","guid":{"rendered":"https:\/\/calviabeach.com\/?page_id=4559"},"modified":"2022-02-19T13:51:42","modified_gmt":"2022-02-19T13:51:42","slug":"guided-tours","status":"publish","type":"page","link":"https:\/\/swetele.com\/de\/guided-tours\/","title":{"rendered":"Guided Tours"},"content":{"rendered":"<p>We\u2019ve worked hard to develop Mallorca guided tours that share the very best of the island. We have experiences to suit all types of adventurers, from invigorating hikes in the Tramuntana Mountains to tours of Palma\u2019s art galleries and private artist workshops.<\/p>\n\n\n\n<p>Do you yearn for sea views, fishing villages, pine forests, wine tasting in the heart of the Mallorcan countryside or something else? We can add one of our&nbsp;Mallorca guided tours&nbsp;to your stay in one of our&nbsp;Mallorca holiday villas&nbsp;so you can explore this rich and multifaceted Balearic Island. Read more about some of our favourite Mallorcan experiences below, or&nbsp;contact us&nbsp;for alternative activities should you desire more options.<\/p>\n\n\n\n<h2 class=\"wp-block-heading\">1. Trek the Tramuntana mountains<\/h2>\n\n\n\n<p>The stunning Tramuntana mountain range &#8211; known as&nbsp;Serra de Tramuntana&nbsp;&#8211; stretches 90km from Andratx in the southwest of Mallorca to Cap de Formentor at the island\u2019s northern tip. Along the range you will find glittering lakes, ancient monasteries, charming villages &#8211; including Dei\u00e0, a stone\u2019s throw from our picturesque villa,&nbsp;Sa Vista&nbsp;&#8211; and Puig Major, the highest mountain peak on the island, clocking in at 1,436m above sea level. In 2011, this spectacular mountain range was awarded UNESCO World Heritage Site status, testament to their natural beauty and cultural wealth.<\/p>\n\n\n\n<p>By following the historic cobbled paths and earthen tracks of the Serra de Tramuntana, hikers will find themselves surrounded by a landscape peppered with dry stone walls that have sat there for centuries and gnarled olive trees, which can live to be thousands of years old. Some other unmissable sights include:<\/p>\n\n\n\n<ul class=\"wp-block-list\"><li><em>Mallorca\u2019s highest mountain peaks<\/em>&nbsp;&#8211; Puig Major, Teix, Massanella and Tomir<\/li><li><em>Gorgeous villages<\/em>&nbsp;&#8211; Dei\u00e0, Valldemossa, Fornalutx and S\u00f3ller<\/li><li><em>The atmospheric Lluc Monastery<\/em><\/li><li><em>Torrent de Pareis<\/em>&nbsp;&#8211; A river gorge at Sa Calobra, which plunges between two spectacular, rugged beaches<\/li><li><em>Lovely river reservoirs<\/em>&nbsp;&#8211; Gorg Blau and C\u00faber<\/li><\/ul>\n\n\n\n<p>We only work with local guides who know the Serra de Tramuntana intimately, allowing us to craft informed walks and hikes for all tastes. Choose a gentle afternoon stroll through this picturesque landscape and visit its rural villages or set out on an invigorating hike to the top of the Tramuntana\u2019s highest peaks.<\/p>\n\n\n\n<p>If you are interested in our&nbsp;personalised guided tours through the Tramuntana Mountains, simply tell us what you want to get out of your experience and we will suggest the perfect expedition and accommodation in our&nbsp;luxury villas in Mallorca.<\/p>\n\n\n\n<figure class=\"wp-block-image\"><img decoding=\"async\" src=\"https:\/\/www.thethinkingtraveller.com\/media\/Resized\/SPAIN_local_areas\/Mallorca\/Think_Experiences\/Trekking_Tramuntana\/1000\/Spain_Mallorca_Tramuntana_trekking_NOV20_04.jpg\" alt=\"Tramuntana mountains tour\" \/><\/figure>\n\n\n\n<h2 class=\"wp-block-heading\">2. Visit the vineyards of Alar\u00f3<\/h2>\n\n\n\n<p>If you prefer to enjoy your mountain scenery accompanied by a nice glass of merlot, may we suggest our&nbsp;Mallorca wine tours? Many of Mallorca\u2019s finest vineyards and bodegas lie nestled in the eastern flanks of the Serra de Tramuntana, thanks to the location\u2019s admirable vine-growing conditions.<\/p>\n\n\n\n<p>Despite the banning of alcohol while the island was under Islamic rule from 902 to 1229 CE, and the damage caused to Mallorcan vines by the phylloxera insect blight of 1891, this Balearic Island has a strong&nbsp;wine-growing culture and past, and a burgeoning reputation in modern times. Today, the island\u2019s vineyards continue to cultivate many&nbsp;local and regional grapes&nbsp;including:<\/p>\n\n\n\n<ul class=\"wp-block-list\"><li>Manto negro<\/li><li>Gorgollassa<\/li><li>Callet<\/li><li>Prensal Blanc<\/li><li>Gir\u00f3 Ros<\/li><li>Moscatel<\/li><\/ul>\n\n\n\n<p>Our Mallorcan wine experience will take you to the spectacular terraced vineyards of the Oloron Winery in Alar\u00f3, which is just a short drive from our renovated eighteenth-century farmhouse&nbsp;Rural. During the tour, you can enjoy exploring the bodega before taking in the breathtaking views of the Serra de Tramuntana on a guided walk. The tour concludes with sumptuous&nbsp;food in Mallorca&nbsp;in the vineyard, paired with local wines produced on-site.<\/p>\n\n\n\n<figure class=\"wp-block-image\"><img decoding=\"async\" src=\"https:\/\/www.thethinkingtraveller.com\/media\/Resized\/SPAIN_local_areas\/Mallorca\/Think_Experiences\/Wine_tasting\/Oloron\/1000\/Spain_Mallorca_Alaro_Oloron_winery_NOV20_01.jpg\" alt=\"Mallorcan wine\" \/><\/figure>\n\n\n\n<h2 class=\"wp-block-heading\">3. Uncover Palma\u2019s artistic soul<\/h2>\n\n\n\n<p>Mallorca has attracted artists and writers to its mountains, fincas and beaches for centuries. Fr\u00e9d\u00e9ric Chopin and George Sand stayed in the beautiful mountain village of Valldemossa during the winter of 1838-1839 CE. Here, Sand wrote A Winter in Majorca, describing their time on the island, while Chopin completed his preludes. The famed war poet Robert Graves also found inspiration in Mallorca. He spent his&nbsp;final years in the village of Dei\u00e0, and is buried beneath a cypress tree in the local churchyard.<\/p>\n\n\n\n<p>While the island\u2019s villages, mountains and coves nurture creativity, Mallorca\u2019s artistic heart beats in the&nbsp;historic city of Palma. Ruled over by the Romans, the Moors and the Spanish Kingdom of Aragon in turn, the wealth of&nbsp;historic, architectural and cultural influences in Palma provide a rich fount of inspiration and tradition for local artists and visitors alike.<\/p>\n\n\n\n<p>Perhaps Palma\u2019s most famous \u2018artist in residence\u2019 is the surrealist painter and ceramicist Joan Mir\u00f3. Born in Barcelona, Mir\u00f3 fell in love with Mallorcan Pilar Juncosa &#8211; and with Mallorca itself. The couple married in Palma in 1929 CE, and Mir\u00f3 lived in the city from 1956 until his death in 1983. Our&nbsp;guided tour of Palma&nbsp;includes a trip to the Joan Mir\u00f3 Museum, and includes a very special visit to Mir\u00f3\u2019s house and studio. Very little has changed since 1983, thanks to his instruction, \u201cI want everything that I leave behind to stay just as it is when I am gone.\u201d<\/p>\n\n\n\n<p>Our tour will also allow you to explore the city\u2019s artistic heart and the influences that keep it beating. From vibrant local markets and gothic cathedrals to tenth-century CE Arabic bathhouses, this Think Experience will show you Palma\u2019s most iconic sites and hidden gems. Visiting current artists\u2019 workshops is a true highlight for art lovers &#8211; please&nbsp;contact our team&nbsp;for more information about this.<\/p>\n\n\n\n<figure class=\"wp-block-image\"><img decoding=\"async\" src=\"https:\/\/www.thethinkingtraveller.com\/media\/Resized\/SPAIN_local_areas\/Mallorca\/Palma\/1000\/TTT_Spain_Mallorca_Palma_cathedral_OCT20_05.jpg\" alt=\"Mallorca sightseeing tour\" \/><\/figure>\n\n\n\n<h2 class=\"wp-block-heading\" id=\"where-to-stay-in-mallorca\">Where to stay in Mallorca: Sa Vista<\/h2>\n\n\n\n<p>Mallorca\u2019s diverse natural beauty leaves visitors spoiled for choice when it comes to choosing a villa on the island. From beautiful mountain villages to scenic coastal retreats, our&nbsp;collection of villas in Mallorca&nbsp;includes daydream-worthy locations for all tastes.<\/p>\n\n\n\n<p>One of our favourite villas, perfect for exploring the mountains of Mallorca, is&nbsp;Sa Vista. This villa occupies an unrivalled position on its own headland above Cala Dei\u00e0, offering breath-taking coastal views as well as easy access to our&nbsp;guided tours&nbsp;of the Tramuntana Mountains.<\/p>\n\n\n\n<p>Nearby, the scenic village of Dei\u00e0 is nestled into the Serra de Tramuntana, just a winding 10-minute drive inland from the beautiful beach of Cala Dei\u00e0. From Sa Vista, visitors can make the journey to the village by car. The town is around 3km from our villa<\/p>\n\n\n\n<p>Spectacular Sa Vista is surrounded by a private 25-acre estate and can accommodate 10 guests. The enchanting grounds are a wonderland for nature lovers, filled with Mediterranean pine woods and evergreen coastal maquis. With a heated seawater pool, a pool house and shower, daily maid service, freshly prepared local breakfasts and terraces designed for al fresco living &#8211; including a barbeque &#8211; Sa Vista is one of Mallorca\u2019s most desirable villas.<\/p>\n\n\n\n<figure class=\"wp-block-image\"><img decoding=\"async\" src=\"https:\/\/www.thethinkingtraveller.com\/media\/Resized\/SPAIN_villas\/MALLORCA\/Sa_Vista\/OCT20\/1000\/TTT_Spain_Mallorca_Sa_Vista_OCT20_60.jpg\" alt=\"Sa Vista villa Mallorca\" \/><\/figure>\n\n\n\n<h2 class=\"wp-block-heading\" id=\"explore-mallorca\">Explore Mallorca<\/h2>\n\n\n\n<p>Discover the real Mallorca.&nbsp;Contact our team&nbsp;and we will be happy to work with you to plan your time on the island. We can help you handpick a gorgeous villa and add Think Experiences such as guided tours for an authentic taste of Mallorca. Our team members regularly visit our properties, so we have first-hand knowledge about all of our villas and the local attractions.<\/p>\n\n\n\n<p>Additionally, our Local Concierges are always on hand to share inside knowledge about Mallorca, including its most well-kept hidden gems. We are here to make your stay as seamless as possible, from planning tours and booking authentic Mallorcan meals to arranging in-villa massages. Just let us know what you want to get out of your holiday and we can make it happen.<\/p>\n\n\n\n<p><\/p>\n\n\n\n<h2 class=\"wp-block-heading\">Mallorca travel: How to get there and around<\/h2>\n\n\n\n<p><strong>Public transport:<\/strong>&nbsp;Thanks to decades of tourism, Mallorca is easy to get around, with a well-developed road and bus network, three train lines and a Metro service operating within Palma, if you like taking trains then consider checking out these&nbsp;<a href=\"https:\/\/www.georgetownlooprr.com\/trains-events\/\">Old West Trains<\/a>. With so much to see, we highly recommend hiring a vehicle \u2013 check out our activities section for some original ideas on that front. If you prefer public transport, your first stop will be&nbsp;<strong>Palma\u2019s Intermodal Station<\/strong>, reached by the 1 and 21 buses from the airport. From there,&nbsp;<strong>local EMT<\/strong>&nbsp;buses and&nbsp;<strong>Metro<\/strong>&nbsp;services will get you around the city,&nbsp;<strong>TIB<\/strong>&nbsp;(Transport de les Illes Balears) buses will take you to destinations further afield, and trains will take you to the towns of Inca, Pobla and Manacor.<\/p>\n\n\n\n<p><strong>By bike:&nbsp;<\/strong>Touring Mallorca by bike is a fantastic way to see the island (Bradley Wiggins is a big fan) and there are loads of places to hire cycles from \u2013 your luxury villas might even include them as part of your rental.<\/p>\n\n\n\n<p><strong>Taxis:&nbsp;<\/strong>There\u2019s an abundance of taxi companies on Mallorca to help get you to where you need to go \u2013 though as with many destinations, it\u2019s worth booking in advance (if possible) and agreeing on a price with the driver before heading out.<\/p>\n\n\n\n<p><strong>Hiring a car or other private transportation:&nbsp;<\/strong>If you\u2019re staying inland or in one of the more remote coastal areas, hiring a car or a&nbsp;<a href=\"https:\/\/dreamlimousinesdetroit.com\/our-limo-rental-fleet\/party-buses\/\">bus rental<\/a>&nbsp;will probably be necessary. There are several local firms as well as multinational staples, but once you\u2019ve got your own set of the wheels the entirety of the island is yours to explore!&nbsp;Companies like&nbsp;<strong><a href=\"https:\/\/www.europcar.co.uk\/deals\/spain\/\" target=\"_blank\" rel=\"noreferrer noopener\">Europcar<\/a><\/strong>,&nbsp;<strong><a href=\"https:\/\/www.hertz.co.uk\/p\/car-hire\/spain\/ibiza\/ibiza-airport\" target=\"_blank\" rel=\"noreferrer noopener\">Hertz<\/a><\/strong>&nbsp;and&nbsp;<strong><a href=\"https:\/\/www.avis.co.uk\/drive-avis\/car-hire-locations\/europe\/spain\/ibiza\/ibiza-airport\" target=\"_blank\" rel=\"noreferrer noopener\">Avis<\/a><\/strong>&nbsp;all provide services direct from the airport.<\/p>\n\n\n\n<h2 class=\"wp-block-heading\">Hidden Gems<\/h2>\n\n\n\n<p><img fetchpriority=\"high\" decoding=\"async\" src=\"https:\/\/www.oliverstravels.com\/blog\/wp-content\/uploads\/2015\/10\/Deia.jpg\" alt=\"Deia\" width=\"750\" height=\"450\" srcset=\"https:\/\/www.oliverstravels.com\/blog\/wp-content\/uploads\/2015\/10\/Deia.jpg 750w, https:\/\/www.oliverstravels.com\/blog\/wp-content\/uploads\/2015\/10\/Deia-300x180.jpg 300w\" \/><\/p>\n\n\n\n<p>Deia<\/p>\n\n\n\n<ul class=\"wp-block-list\"><li>The truly adventurous \u2013 or anyone after the quietest beaches they can find \u2013 should explore the northern coast. Here you\u2019ll find fantastic spots only accessible on foot, such as&nbsp;<strong>Es Canyaret<\/strong>, a beach just outside the village of&nbsp;<strong>Llucalari<\/strong>&nbsp;that is renowned for its waterfall and refreshing mud pools;&nbsp;<strong>Port des Canonge<\/strong>, a secluded spot east of the ancient, terraced village of&nbsp;<strong>Banyalbufar<\/strong>; and&nbsp;<strong>Coll Baix<\/strong>, a stunning, cliff-fringed bay with turquoise waters.<\/li><li>While you\u2019re in the region, take time out to visit&nbsp;<strong>Deia<\/strong>, a small coastal village popular with the creative set. It has been attracting writers and musicians for decades, and when you see it you\u2019ll understand why \u2013 it\u2019s a charming jigsaw of traditional flat-roofed buildings and lush gardens, and also boasts a superb Michelin-starred restaurant in the shape of Es Rac\u00f3 d\u2019Es Teix. For another food treat from northern Mallorca, track down fresh prawns from&nbsp;<strong>Port de Soller<\/strong>; they\u2019re exceptionally good, and 2015 saw the town launch a festival dedicated to them (held in early March).<\/li><li>Over on the other side of the island, enjoy an underground adventure at the jaw-dropping&nbsp;<strong>Caves del Drach<\/strong>. The tour winds past clear pools and intricate rock formations for just over a kilometre, leading you to Lake Martel, a 170 metre-long underground lake \u2013 your guide will take you on a boat ride across it, accompanied by live classical music. With good paths and lighting and a temperature of over 20C, you don\u2019t need to be a hardened caver to enjoy it!<\/li><li>Make sure you take the breathtakingly beautiful&nbsp;tram journey from the town of&nbsp;<strong>Soller<\/strong>&nbsp;to the port! If you\u2019re into your scenic drives, try going from&nbsp;<strong>Valdemossa<\/strong>&nbsp;to&nbsp;<strong>Sa Calobra<\/strong>&nbsp;(via the village of Deia), or visit and the charming town of&nbsp;<strong>Estellencs<\/strong>&nbsp;and hunt down its stunning hidden cala \u2013 don\u2019t forget to bring a picnic!<\/li><li>One more thing \u2013 if you find yourself on the long road through the&nbsp;<strong>Tramuntana mountains<\/strong>&nbsp;that runs east to west, stop for lunch in&nbsp;<strong>Es Grau<\/strong>&nbsp;for some tasty treats and breath-taking views.<\/li><\/ul>\n\n\n\n<h2 class=\"wp-block-heading\">Did you know\u2026?<\/h2>\n\n\n\n<ul class=\"wp-block-list\"><li>Famed architect&nbsp;<strong>Gaudi<\/strong>&nbsp;was meant to design new changes to Palma Cathedral, but he dropped out after a spat with a contractor.<\/li><li>The English poet and novelist&nbsp;<strong>Robert Graves<\/strong>&nbsp;spent a large portion of his life on Mallorca \u2013 he eventually died there in 1985.<\/li><li><strong>Es Tranc<\/strong>&nbsp;beach apparently loses about 25 tons of sand each year due to it being taken away by holidaymakers in their towels, bags and sandals.<\/li><li>The delicious local pastries known as&nbsp;<strong>Ensaimada<\/strong>&nbsp;are notoriously difficult to make off the island \u2013 it\u2019s said that the sea air helps the dough to rise!<\/li><\/ul>\n\n\n\n<p>Mallorca makes a superb choice for a family holiday. It\u2019s not too far away (so travelling with little ones isn\u2019t too taxing) and you can enjoy the tourism infrastructure of the island while staying in the beautiful countryside in one of our luxurious&nbsp;<strong><a href=\"https:\/\/www.oliverstravels.com\/spain\/mallorca\/\" target=\"_blank\" rel=\"noreferrer noopener\">villas in Mallorca<\/a><\/strong>. Better yet, there\u2019s loads of things to do to keep everyone entertained and tons of soft, sandy beaches to while your days away.<\/p>\n\n\n\n<h2 class=\"wp-block-heading\">Things to do in Mallorca<\/h2>\n\n\n\n<ul class=\"wp-block-list\"><li>There are plenty of new ways to take on the Mallorcan landscape, like scuba diving adventures&nbsp;that\u2019ll take you to places that\u2019ll leave you wanting to hire an&nbsp;<a href=\"https:\/\/morningdive.com\/services\/photography\">underwater photography<\/a>&nbsp;professional.&nbsp;<strong><a href=\"http:\/\/www.jungleparc.es\/en\" target=\"_blank\" rel=\"noreferrer noopener\">Jungeparc<\/a><\/strong>&nbsp;take you up into the treetops, using ziplines, ropes and bridges to navigate a pine forest.<\/li><li>Or you could take in the whole island with a guiding tour, enjoying everything from the heights of the Serra de Tramuntana mountains to a boat trip around the coast.&nbsp;<strong><a href=\"https:\/\/www.nofrills-excursions.com\/\" target=\"_blank\" rel=\"noreferrer noopener\">No Frills Excursions<\/a><\/strong>&nbsp;are your go-to guys for a tour you\u2019ll never forget.<\/li><li>Surprisingly, Mallorca has some fantastic golf courses \u2013 whatever level you\u2019re at, a day or an afternoon on the Mallorcan links is the ideal tonic. You can find out more through our friends at&nbsp;<strong><a href=\"https:\/\/www.where2golf.com\/golf-tournaments\/mallorca-open\/?order_by=prize_money\" target=\"_blank\" rel=\"noreferrer noopener\">where2golf.com<\/a><\/strong>.<\/li><li>And if you like heights but think Jungleparc sounds like a bit too much effort, you can appreciate Mallorca from above with a hot air balloon flight. We recommend&nbsp;<strong><a href=\"https:\/\/www.mallorcaballoons.com\/index.php\/en\/\" target=\"_blank\" rel=\"noreferrer noopener\">Mallorca Balloons<\/a><\/strong>&nbsp;if you feel like taking to the sky.<\/li><li>One of the nicest tours of the island you can take is the perfect pairing of walking and wine \u2013 you\u2019ll really feel like you\u2019ve earned that drink! You can find out more about some great itineraries at&nbsp;<strong><a href=\"http:\/\/www.mallorcahiking.com\/en\/c1\/walking-mallorca-majorca.html\" target=\"_blank\" rel=\"noreferrer noopener\">Mallorca Hiking<\/a><\/strong>.<\/li><\/ul>\n\n\n\n<h2 class=\"wp-block-heading\">What to do in Mallorca with kids<\/h2>\n\n\n\n<ul class=\"wp-block-list\"><li>There are loads of great museums and art galleries on Mallorca, and the local artists often feature their own work in smaller exhibitions. Something that\u2019s bound to enrapture kids of any age is the&nbsp;<strong><a href=\"http:\/\/www.museudesajugueta.es\/?lang=en\" target=\"_blank\" rel=\"noreferrer noopener\">Toy Museum<\/a><\/strong>&nbsp;in Palma, which features toys from all over the world.<\/li><li>There are some great water parks across all of the Balearics, and all of them make for an exciting family day out.&nbsp;<strong><a href=\"https:\/\/www.aqualand.es\/elarenal\/en\/\" target=\"_blank\" rel=\"noreferrer noopener\">Aqualand<\/a><\/strong>&nbsp;is worth a try&nbsp;if you\u2019re heading to Mallorca!<\/li><li>There\u2019s plenty of nature on the island kids will love to explore, with wild new creatures to find and see \u2013 try a nature walk and see where it takes you! If the kids love their animals,&nbsp;<strong><a href=\"http:\/\/www.reservapark.net\/\" target=\"_blank\" rel=\"noreferrer noopener\">La Reserva<\/a><\/strong>&nbsp;is a private reserve full of beautiful beasts \u2013 and there\u2019s even adventure activities too.&nbsp;<strong><a href=\"https:\/\/www.katmandupark.com\/\" target=\"_blank\" rel=\"noreferrer noopener\">Katmandu<\/a><\/strong>&nbsp;is a huge adventure playground chock full of rides and things to do, with the highlight being the unforgettable upside-down house.<\/li><li>Getting on your bike is a great way to see the island too \u2013 there\u2019s loads of great trails suitable for all ages too.&nbsp;<strong><a href=\"https:\/\/www.nanobicycles.com\/\" target=\"_blank\" rel=\"noreferrer noopener\">Nano Bicycles<\/a><\/strong>&nbsp;in Palma offer a cycling tour of the old town or bike rentals to suit you and your family.<\/li><\/ul>\n\n\n\n<p>Nothing here your cup of tea? There\u2019s loads more suggestions over at our blog on the&nbsp;<strong><a href=\"https:\/\/www.oliverstravels.com\/blog\/best-family-activities-in-mallorca\/\" target=\"_blank\" rel=\"noreferrer noopener\">best family activities&nbsp;in Mallorca<\/a>.<\/strong><\/p>\n\n\n\n<h2 class=\"wp-block-heading\">Recommended experiences<\/h2>\n\n\n\n<ul class=\"wp-block-list\"><li>Why not try some cooking classes courtesy of&nbsp;<strong><a href=\"https:\/\/mymuybueno.com\/\" target=\"_blank\" rel=\"noreferrer noopener\">mymuybueno<\/a><\/strong>? Better yet, they can tailor their lessons to suit you!<\/li><li>You could mix a bit of exercise with fine wines with&nbsp;<strong><a href=\"http:\/\/www.bicillevant.com\/\" target=\"_blank\" rel=\"noreferrer noopener\">Bicillevant\u2019s tour<\/a><\/strong>&nbsp;through the foothills of the Tramuntana mountains, stopping at wineries on the way fir tastings.<\/li><li>Beer tastings in the comfort of your villa rental with&nbsp;<strong><a href=\"http:\/\/www.beerloversmallorca.com\/\" target=\"_blank\" rel=\"noreferrer noopener\">Beer Lovers Mallorca<\/a><\/strong>! This would work best followed by a bbq!<\/li><li><strong><a href=\"https:\/\/www.maciabatle.com\/\" target=\"_blank\" rel=\"noreferrer noopener\">Macia Batle<\/a><\/strong>&nbsp;is one of Mallorca\u2019s longest established wineries, and the tours will give you a fascinating insight into wine on the island \u2013 along with a few samples!<\/li><\/ul>\n\n\n\n<p>We\u2019ve even spoken to the locals to find out what their favourite suggestions are! Have a read of our&nbsp;<strong>insider\u2019s guide to Mallorca<\/strong>&nbsp;to find out more.<\/p>","protected":false},"excerpt":{"rendered":"<p>We\u2019ve worked hard to develop Mallorca guided tours that share the very best of the island. We have experiences to suit all types of adventurers, from invigorating hikes in the [&hellip;]<\/p>","protected":false},"author":1,"featured_media":0,"parent":0,"menu_order":0,"comment_status":"closed","ping_status":"closed","template":"","meta":{"footnotes":""},"class_list":["post-4559","page","type-page","status-publish","has-post-thumbnail","hentry"],"_links":{"self":[{"href":"https:\/\/swetele.com\/de\/wp-json\/wp\/v2\/pages\/4559"}],"collection":[{"href":"https:\/\/swetele.com\/de\/wp-json\/wp\/v2\/pages"}],"about":[{"href":"https:\/\/swetele.com\/de\/wp-json\/wp\/v2\/types\/page"}],"author":[{"embeddable":true,"href":"https:\/\/swetele.com\/de\/wp-json\/wp\/v2\/users\/1"}],"replies":[{"embeddable":true,"href":"https:\/\/swetele.com\/de\/wp-json\/wp\/v2\/comments?post=4559"}],"version-history":[{"count":0,"href":"https:\/\/swetele.com\/de\/wp-json\/wp\/v2\/pages\/4559\/revisions"}],"wp:attachment":[{"href":"https:\/\/swetele.com\/de\/wp-json\/wp\/v2\/media?parent=4559"}],"curies":[{"name":"wp","href":"https:\/\/api.w.org\/{rel}","templated":true}]}}