{"id":4705,"date":"2022-02-20T17:06:20","date_gmt":"2022-02-20T17:06:20","guid":{"rendered":"https:\/\/calviabeach.com\/?page_id=4705"},"modified":"2022-02-20T17:06:20","modified_gmt":"2022-02-20T17:06:20","slug":"personal-trainer","status":"publish","type":"page","link":"https:\/\/swetele.com\/de\/spa-beauty-and-wellness\/personal-trainer\/","title":{"rendered":"Personal Trainer"},"content":{"rendered":"<p>We list companies and people who are fitness instructors and personal trainers on the\u00a0island of Mallorca (Majorca)\u00a0in Spain.<\/p>\n<hr \/>\n<h2>Equilibrium<\/h2>\n<p>We offer personal training and small group activities including yoga. We also have therapies including holistic and sports massage, aromatherapy, physiotherapy.<\/p>\n<p><strong>Business Address:<\/strong>\u00a0mobile<\/p>\n<p><strong>Telephone:<\/strong>\u00a00034690211744<\/p>\n<p><strong>Email:<\/strong>\u00a0b_thompsonuk@yahoo.com<\/p>\n<p><strong>Type of Business:<\/strong>\u00a0health and fitness<\/p>\n<p><strong>Towns or Areas Covered:<\/strong>\u00a0south west mallorca<\/p>\n<p><strong>Best Features:<\/strong><\/p>\n<p>We visit home, boats and holiday accommodation.<\/p>\n<p><img decoding=\"async\" src=\"http:\/\/www.fujianbaihe.com\/lang\/personal_Trainer_alaro\/gallery\/personal_trainer_alaro_5.jpg\" alt=\"Personal Trainer Alaro - Body Equilibrium\" \/><\/p>\n<hr \/>\n<h2>Personal Training Mallorca<\/h2>\n<p><strong>Business Address:<\/strong><br \/>\nPersonal Training Mallorca<br \/>\nLuke Wills<br \/>\nCalle Alta 2<br \/>\n07181 Calvia<\/p>\n<p><strong>Telephone:<\/strong>\u00a00034660964942<\/p>\n<p><strong>Email:<\/strong>\u00a0info@fuerzayfitness.Com<\/p>\n<p><strong>Type of Business:<\/strong>\u00a0Personal Training<\/p>\n<p><strong>Towns or Areas Covered:<\/strong>\u00a0Palma, Andratx, Calvia, Palma Nova, Magaluf, Santa Ponca,<\/p>\n<p><strong>Best Features:<\/strong><\/p>\n<ul>\n<li>Highest Qualified Kettlebell Trainer in Spain<\/li>\n<li>Fast Results Guaranteed<\/li>\n<li>Professional and affordable service<\/li>\n<li>We can train you at your house, boat, gym, hotel.<\/li>\n<li>Fun and varied workouts!<\/li>\n<\/ul>\n<p><strong>Main Description:<\/strong><\/p>\n<p>Mallorca Personal Training is dedicated to getting you the results you want to see fast!<\/p>\n<p>We only use the most efficient techniques to drive you towards your physical goals so that every minute spent with us is optimised and getting you one step closer to your dream body.<\/p>\n<p>No mind numbing cardio like running or cycling for hours. We will teach you how to use your body as the best exercise tool! We are specialists in fun outdoor training!<\/p>\n<p><img decoding=\"async\" src=\"https:\/\/images.squarespace-cdn.com\/content\/v1\/5a8d453b51a58416884289c3\/1582200575217-CTPTMKDRXNRXDF11IGMA\/Gimnasio.jpg\" alt=\"Equilibrium\" \/><\/p>\n<hr \/>\n<h2>Body &amp; Mind Mallorca<\/h2>\n<p>Functional Training is a new training concept. During one session you work on building up strength, condition, body balance, coordination and flexibility. This type of training is unconventional and pushes the body to its limits. The whole body benefits and its results are soon felt, as well as visibly noticeable; much quicker than with conventional training methods. Another very important advantage for me is the amount of fun to be had during the training. Often my clients forget that they are in the middle of a training session, pushing their bodies to their limits.<\/p>\n<p><strong>Business Address:<\/strong><br \/>\nCalle Moncada<br \/>\nSanta Ponsa<br \/>\nMallorca<\/p>\n<p><strong>Telephone:<\/strong>\u00a00034606010397<\/p>\n<p><strong>Email:<\/strong>\u00a0info@bodyandmindmallorca.com<\/p>\n<p><strong>Type of Business:<\/strong>\u00a0Personal Trainer<\/p>\n<p><strong>Towns or Areas Covered:<\/strong>\u00a0South West Mallorca<\/p>\n<p><strong>Best Features:<\/strong><\/p>\n<p>personal training<br \/>\nfunctional training<br \/>\nkettlebell training<br \/>\ntrx training<br \/>\nnrg.bag training<br \/>\ncore training<br \/>\npersonal training to improve your golf<br \/>\non your yacht<br \/>\nat home<\/p>\n<p><img fetchpriority=\"high\" decoding=\"async\" class=\"\" src=\"https:\/\/dynamic-media-cdn.tripadvisor.com\/media\/photo-o\/0f\/7c\/32\/df\/fitness-mallorca-crossfit.jpg?w=500&amp;h=400&amp;s=1\" alt=\"THE 10 BEST Majorca Health\/Fitness Clubs &amp; Gyms (with Photos) - Tripadvisor\" width=\"813\" height=\"650\" \/><\/p>\n<hr \/>\n<h2>JP Total Body Fitness<\/h2>\n<p><strong>Business Address:<\/strong><br \/>\nCarrer Miquel Santandreu 38 3\u00b0<\/p>\n<p><strong>Telephone:<\/strong>\u00a0+17188774230<\/p>\n<p><strong>Email:<\/strong>\u00a0pettifordj@gmail.com<\/p>\n<p><strong>Type of Business:<\/strong>\u00a0Personal Trainer<\/p>\n<p><strong>Towns or Areas Covered:<\/strong>\u00a0palma<\/p>\n<p><strong>Best Features:<\/strong><\/p>\n<p>BOOTCAMP at Parque Rieara!! 5:30pm!!!10 Euros !!Email to reserve spot.<\/p>\n<p><strong>Main Description:<\/strong><\/p>\n<p>Jon is traveling around the instructing bootcamps! Jon grew up sprinting, running, and jumping here in New York City. He then went on to study Biology at SUNY Oswego. After participating in Track and Rugby in college began to practice yoga to find balance and restore those achy muscles.<\/p>\n<p>Now, He utilizes a skillful blend of NASM corrective and Performance exercise specialties to deliver FUN, ENGAGING, and CHALLENGING boot camp and 1-on-1 training classes.<br \/>\nJon crecio haciendo carreras de velocidad, correr y saltar en la ciudad de Nueva York. Pas\u00f3 a estudiar Biolog\u00eda en SUNY Oswego. Despu\u00e9s de participar en la pista y Rugby en la universidad comenz\u00f3 a practicar yoga para encontrar el equilibrio y restaurar los m\u00fasculos doloridos.<\/p>\n<p>Ahora, \u00c9l utiliza una mezcla h\u00e1bil de NASM especialidades ejercicio correctivo y rendimiento para entregar divertido, atractivo, y el un campo de entrenamiento desafiante y clases de capacitaci\u00f3n 1-on-1.<\/p>\n<hr \/>\n<h2>Mallorca Fighting &amp; Fitness Personal Training<\/h2>\n<p><strong>Business Address:<\/strong><br \/>\nMFF-CLUB \/ Port d\u2019Andratx<\/p>\n<p><strong>Telephone:<\/strong>\u00a00034628153757<\/p>\n<p><strong>Email:<\/strong>\u00a0info@mff-club.com<\/p>\n<p><strong>Type of Business:<\/strong>\u00a0Personal Training<\/p>\n<p><strong>Towns or Areas Covered:<\/strong>\u00a0Palma de Mallorca\/Portals Nous\/ Bendinat\/ Palmanova\/ Santa Ponsa \/ Peguera \/ Port Andratx<\/p>\n<p><strong>Best Features:<\/strong><\/p>\n<p>Fitness<br \/>\nBackfit<br \/>\nSelf Defense<br \/>\nKrav Maga<br \/>\nMuay Thai<br \/>\nBjj<\/p>\n<p><strong>Main Description:<\/strong><\/p>\n<p>We provide creative, effective workouts, prevent injuries, ensure you hit your goals, and provide consistent, non-judgmental fitness support! Get started!<\/p>\n<p><img decoding=\"async\" class=\"\" src=\"https:\/\/dynamic-media-cdn.tripadvisor.com\/media\/photo-o\/0f\/8c\/6d\/47\/getlstd-property-photo.jpg?w=500&amp;h=400&amp;s=1\" alt=\"THE 10 BEST Majorca Health\/Fitness Clubs &amp; Gyms (with Photos) - Tripadvisor\" width=\"805\" height=\"644\" \/><\/p>\n<hr \/>\n<h2>Pinkpowerpuff97<\/h2>\n<p><strong>Business Address:<\/strong><br \/>\nPalma de Mallorca<br \/>\nAlc\u00fadia<\/p>\n<p><strong>Telephone:<\/strong>\u00a0+47 91622361<\/p>\n<p><strong>Email:<\/strong>\u00a0ylva.magnusson.svendsen@gmail.com<\/p>\n<p><strong>Type of Business:<\/strong>\u00a0Certificated Personal Trainer<\/p>\n<p><strong>Towns or Areas Covered:<\/strong>\u00a0Mallorca<\/p>\n<p><strong>Best Features:<\/strong><\/p>\n<p>Performance and fitness expert<\/p>\n<p>Professional footballer<\/p>\n<p><strong>Main Description:<\/strong><\/p>\n<p>I am a 20 year old girl from Norway with years of experience from professional football, fitness, and nutrition. I provide creative, effective workouts, prevent injuries, ensure you hit your goals, and provide consistent, non-judgmental fitness support! Get startet!<\/p>\n<hr \/>\n<h2>Transform My Body \u2013 Jan Fikacek<\/h2>\n<p><strong>Business Address:<\/strong><br \/>\nPort de Alcudia<\/p>\n<p><strong>Telephone:<\/strong>\u00a0+34 677 143466<\/p>\n<p><strong>Email:<\/strong>\u00a0johnfikacek@gmail.com<\/p>\n<p><strong>Type of Business:<\/strong>\u00a0Personal Training<\/p>\n<p><strong>Towns or Areas Covered:<\/strong>\u00a0Alcudia, Pollenca, Can Picafort and all Nort of Mallorca<\/p>\n<p><strong>Best Features:<\/strong><\/p>\n<p>Highly Qualified \u2013 Diploma as a Personal Trainer Morning Workouts\/Bootcamp on the Port de Alcudia beach Personal Training 1 on 1 Group Training Nutritional Advises I can train you in your area Affordable prices<\/p>\n<p><strong>Main Description:<\/strong><\/p>\n<p>Hi my name is Jan and I\u2019m a former professional hockey player. I\u2019ve been training in last 6 years mainly in the UK, so I\u2019m very experienced coach with many successful transformations.<\/p>\n<p>I\u2019m currently training my clients on the beach, however I can come to train you to your villa, yacht, hotel, park in your area.<br \/>\nMy main speciality is a weight loss programs.<\/p>\n<hr \/>\n<h2>Maslivets Truniak<\/h2>\n<p><strong>Business Address:<\/strong><br \/>\nClub Nautic Arenal<\/p>\n<p><strong>Telephone:<\/strong>\u00a0653051556<\/p>\n<p><strong>Email:<\/strong>\u00a0olga_maslivets@yahoo.com<\/p>\n<p><strong>Type of Business:<\/strong>\u00a0Personal fitness coach<\/p>\n<p><strong>Towns or Areas Covered:<\/strong>\u00a0from Magaluf to Llucmajor<\/p>\n<p><strong>Best Features:<\/strong><\/p>\n<p>Sport professional<\/p>\n<p><strong>Main Description:<\/strong><\/p>\n<p>Personal sport trainer, 4-times olympian, ex-athlete, university degree sport coach. Personalized trainings based on current level and goals, injury free, efficient, fun. Together sparring partner style trainings. building healthy lifestyle habbits.<\/p>\n<hr \/>\n<h2>RX Fitness Training Mobile Cross Training Gym<\/h2>\n<p><strong>Business Address:<\/strong><br \/>\nAndratx, Mallorca but as I am a mobile Crossfit gym I can be anywhere on the island.<\/p>\n<p><strong>Telephone:<\/strong>\u00a0601982866<\/p>\n<p><strong>Email:<\/strong>\u00a0neil.es@yahoo.fr<\/p>\n<p><strong>Type of Business:<\/strong>\u00a0Personal trainer and mobile crosstraining gym<\/p>\n<p><strong>Towns or Areas Covered:<\/strong>\u00a0Mallorca<\/p>\n<p><strong>Best Features:<\/strong><\/p>\n<p>A fully equipped cross training gym on wheels, able to be at your door or location of your choice in the shortest possible time.<br \/>\nGreat for people visiting the island who want a daily workout at the location they are staying at.<br \/>\nYour finca is too far from the gym to travel there? Let me come to you!<\/p>\n<p><strong>Main Description:<\/strong><\/p>\n<p>This is the first ever and only fully mobile, fully equipped Crossfit\/cross training gym on the island. Absolutely unique, and perfect for people who don\u2019t live in the city or near a local gym.<br \/>\nI am a personal trainer and CrossFit coach with over 10 years of experience. I can deliver fast effective HIT workouts that get results fast!<br \/>\nIf you have ever wanted to start CrossFit\/Cross training but we\u2019re dubious then this is a great way to try it at the location of your choice. In front of a beautiful beach? You got it! Just docked in Palma, and want to workout next to your boat? No problemo! With a view of the stunning Mallorcan landscapes? Sure thing! In your driveway? What ever suits you!<\/p>","protected":false},"excerpt":{"rendered":"<p>We list companies and people who are fitness instructors and personal trainers on the\u00a0island of Mallorca (Majorca)\u00a0in Spain. Equilibrium We offer personal training and small group activities including yoga. We [&hellip;]<\/p>","protected":false},"author":1,"featured_media":0,"parent":4651,"menu_order":0,"comment_status":"closed","ping_status":"closed","template":"","meta":{"footnotes":""},"class_list":["post-4705","page","type-page","status-publish","has-post-thumbnail","hentry"],"_links":{"self":[{"href":"https:\/\/swetele.com\/de\/wp-json\/wp\/v2\/pages\/4705"}],"collection":[{"href":"https:\/\/swetele.com\/de\/wp-json\/wp\/v2\/pages"}],"about":[{"href":"https:\/\/swetele.com\/de\/wp-json\/wp\/v2\/types\/page"}],"author":[{"embeddable":true,"href":"https:\/\/swetele.com\/de\/wp-json\/wp\/v2\/users\/1"}],"replies":[{"embeddable":true,"href":"https:\/\/swetele.com\/de\/wp-json\/wp\/v2\/comments?post=4705"}],"version-history":[{"count":0,"href":"https:\/\/swetele.com\/de\/wp-json\/wp\/v2\/pages\/4705\/revisions"}],"up":[{"embeddable":true,"href":"https:\/\/swetele.com\/de\/wp-json\/wp\/v2\/pages\/4651"}],"wp:attachment":[{"href":"https:\/\/swetele.com\/de\/wp-json\/wp\/v2\/media?parent=4705"}],"curies":[{"name":"wp","href":"https:\/\/api.w.org\/{rel}","templated":true}]}}