{"id":4907,"date":"2022-02-20T18:49:33","date_gmt":"2022-02-20T18:49:33","guid":{"rendered":"https:\/\/calviabeach.com\/?page_id=4907"},"modified":"2022-02-20T18:49:33","modified_gmt":"2022-02-20T18:49:33","slug":"gifts-and-parfumes","status":"publish","type":"page","link":"https:\/\/swetele.com\/fr\/shopping-and-stopover\/gifts-and-parfumes\/","title":{"rendered":"Gifts and Parfumes"},"content":{"rendered":"<p>Your complete guide to relocating to Mallorca<\/p>\n\n\n\n<p>When you make the life changing decision to relocate to Mallorca, there are many important things to consider. Here is your <strong>comprehensive guide<\/strong> to take you through the process of moving to the Balearic island.<\/p>\n\n\n\n<h3 class=\"wp-block-heading\">Finding a home<\/h3>\n\n\n\n<figure class=\"wp-block-image\"><img decoding=\"async\" src=\"https:\/\/abcmallorcastorage.blob.core.windows.net\/images\/2021\/02\/Moving-to-Mallorca-Findinf-property.jpg\" alt=\"\" \/><\/figure>\n\n\n\n<p>Whether you&#8217;re planning to live permanently or just spend part of your time in Mallorca, you&#8217;ll need to <strong>find a home<\/strong>. Make a list of the features\/amenities you want in a <strong>property<\/strong> and the <strong>neighbourhood<\/strong> (e.g. access to <strong>schools<\/strong>, <strong>hospital<\/strong>, <strong>public transport<\/strong> etc), and stick to your requirements to save time when researching the market. &nbsp;If you don&#8217;t know Mallorca well, it&#8217;s worth <strong>renting a property<\/strong> for a while so that you can explore the island and identify areas where you think you could happily live. You&#8217;ll find a wide choice of <strong>properties for sale<\/strong> or to rent, suitable for all budgets and tastes.&nbsp;<\/p>\n\n\n\n<figure class=\"wp-block-image\"><a href=\"https:\/\/www.abc-mallorca.com\/property-management-mallorca\/\"><img decoding=\"async\" src=\"https:\/\/abcmallorcastorage.blob.core.windows.net\/images\/2021\/02\/knox-property-management-companies-mallorca-01.jpg\" alt=\"Mallorca's top property management companies\" \/><\/a><\/figure>\n\n\n\n<h3 class=\"wp-block-heading\">Mallorca&#8217;s top property management companies<\/h3>\n\n\n\n<p>In need of someone to look after your property in Mallorca? From cleaning to redesign and renovation, these property management companies can help you.<\/p>\n\n\n\n<p>Understanding that there is a sizable second-home market on the island and that many villas, fincas and apartments stay empty and unattended for weeks or even months at a time, <b>a property manager<\/b> provides a sense of comfort and reassurance for owners knowing that their homes are being looked after by reliable and trustworthy people.<\/p>\n\n\n\n<h3 class=\"wp-block-heading\">Getting your NIE number<\/h3>\n\n\n\n<figure class=\"wp-block-image\"><img decoding=\"async\" src=\"https:\/\/abcmallorcastorage.blob.core.windows.net\/images\/2021\/02\/plaza-cort-palma.jpg\" alt=\"\" \/><\/figure>\n\n\n\n<p>You cannot <strong>purchase a property<\/strong>, arrange for <strong>utilities<\/strong> (electricity and water supply) or buy anything major in Majorca without an <strong>NIE number<\/strong>, for which you&#8217;ll need to <strong>produce your passport<\/strong> and <strong>two passport-sized photographs<\/strong>. The NIE is your <strong>Spanish tax office reference<\/strong>, identifying you as a foreign citizen, so make this an early task in organising your <strong>move to Mallorca<\/strong>. If you live in Spain for more than <strong>90 days a year<\/strong> you will also need a <strong>Residency Certificate<\/strong> &#8211; whether renting or buying a home.<\/p>\n\n\n\n<h3 class=\"wp-block-heading\">Opening a bank account<\/h3>\n\n\n\n<p>Once you&#8217;ve obtained your NIE number, you&#8217;ll be able to open a <strong>bank account.<\/strong> It&#8217;s advisable to take along as many bits of paperwork as you can in order to complete the process; as a foreigner you&#8217;re likely to be asked for <strong>proof of address<\/strong> and <strong>employment status<\/strong>, in addition to your <strong>empadronamiento certificate<\/strong> (issued at your local town hall) plus, of course, your <strong>passport<\/strong>.<\/p>\n\n\n\n<figure class=\"wp-block-image\"><a href=\"https:\/\/www.abc-mallorca.com\/banca-march-bank\/\"><img decoding=\"async\" src=\"https:\/\/abcmallorcastorage.blob.core.windows.net\/images\/2016\/10\/Banca-March-02-1.jpg\" alt=\"Banca March\" \/><\/a><\/figure>\n\n\n\n<h3 class=\"wp-block-heading\">Banca March<\/h3>\n\n\n\n<p>Banca March has been supporting people and businesses in Mallorca to manage their money and achieve financial success for more than 90 years.<\/p>\n\n\n\n<h3 class=\"wp-block-heading\">Getting a mortgage<\/h3>\n\n\n\n<figure class=\"wp-block-image\"><img decoding=\"async\" src=\"https:\/\/abcmallorcastorage.blob.core.windows.net\/images\/2021\/02\/Moving-to-mallorca-Morgages.jpg\" alt=\"\" \/><\/figure>\n\n\n\n<p>Thinking of buying a home on Mallorca? Then you may need to <strong>apply for a <\/strong>mortgage through a Spanish bank&#8230;.. Avoid the stress and hassle of trying to figure out the complex system here and speak to an independent expert who will find you the best option to suit your needs. The team at Lionsgate Capital has many years of experience, working with more than 15 Spanish lending institutions to ensure you get the best rates. If you are from a Scandinavian country and would like to buy a home on Mallorca, you can also count on the mortgage experts from Nykredit International, the largest mortgage lender in Denmark, whose office you can find now in Palma as well.<\/p>\n\n\n\n<hr class=\"wp-block-separator has-alpha-channel-opacity\"\/>\n\n\n\n<h2 class=\"wp-block-heading\">Mortgage Experts<\/h2>\n\n\n\n<figure class=\"wp-block-image\"><a href=\"https:\/\/www.abc-mallorca.com\/lionsgate-capital-mallorca\/\"><img decoding=\"async\" src=\"https:\/\/abcmallorcastorage.blob.core.windows.net\/images\/2020\/05\/lionsgate-capital-mallorca-02.jpg\" alt=\"Lionsgate Capital - your mortgage experts in Mallorca\" \/><\/a><\/figure>\n\n\n\n<h3 class=\"wp-block-heading\">Lionsgate Capital &#8211; your mortgage experts in Mallorca<\/h3>\n\n\n\n<p>A luxury financing and premium lifestyle servicing firm, Lionsgate Capital makes life better for high net-worth clients on Mallorca and beyond.<\/p>\n\n\n\n<figure class=\"wp-block-image\"><a href=\"https:\/\/www.abc-mallorca.com\/scandinavian-mortgage-bank-mallorca\/\"><img decoding=\"async\" src=\"https:\/\/abcmallorcastorage.blob.core.windows.net\/images\/2017\/09\/nykredit-03.jpg\" alt=\"Nykredit International: Danish mortgage bank\" \/><\/a><\/figure>\n\n\n\n<h3 class=\"wp-block-heading\">Nykredit International: Danish mortgage bank<\/h3>\n\n\n\n<p>The largest mortgage lender in Denmark, Nykredit International aims to make owning a home in Mallorca easier for all Danish Citizens.<\/p>\n\n\n\n<h3 class=\"wp-block-heading\">Seek legal advice<\/h3>\n\n\n\n<figure class=\"wp-block-image\"><img decoding=\"async\" src=\"https:\/\/abcmallorcastorage.blob.core.windows.net\/images\/2021\/02\/Moving-to-Mallorca-Legal-advice.jpg\" alt=\"\" \/><\/figure>\n\n\n\n<p>When <strong>buying a property<\/strong>, you&#8217;ll need a <strong>lawyer<\/strong> <strong>specialising in Spanish law<\/strong> to act on your behalf. There are some excellent law firms on the island, with multilingual staff to assist you through the purchasing process. You will also have to have the services of a <strong>notary<\/strong>, whose role is to ensure that the transaction has been completed in line with <strong>government regulations<\/strong>, and to approve and witness the <strong>escritura<\/strong>, <strong>or deed of title<\/strong>, which then has to be registered. Once you have purchased your new home, it&#8217;s essential to make a <strong>Spanish Will<\/strong> to cover your assets in this country, because of <strong>Spain&#8217;s particular inheritance laws.<\/strong><\/p>\n\n\n\n<hr class=\"wp-block-separator has-alpha-channel-opacity\"\/>\n\n\n\n<h2 class=\"wp-block-heading\">Lawyers on Mallorca<\/h2>\n\n\n\n<figure class=\"wp-block-image\"><a href=\"https:\/\/www.abc-mallorca.com\/lawyers-mallorca\/\"><img decoding=\"async\" src=\"https:\/\/abcmallorcastorage.blob.core.windows.net\/images\/2017\/03\/bufete-staubach-19.jpg\" alt=\"Trusted lawyers on Mallorca\" \/><\/a><\/figure>\n\n\n\n<h3 class=\"wp-block-heading\">Trusted lawyers on Mallorca<\/h3>\n\n\n\n<p>It pays to take your time finding the right lawyer for your needs in Spain. Here&#8217;s abcMallorca&#8217;s pick of the best legal experts on Mallorca.<\/p>\n\n\n\n<h3 class=\"wp-block-heading\">Insurance<\/h3>\n\n\n\n<figure class=\"wp-block-image\"><img decoding=\"async\" src=\"https:\/\/abcmallorcastorage.blob.core.windows.net\/images\/2021\/02\/Moving-to-Mallorca-SeippelSeipel.jpg\" alt=\"\" \/><\/figure>\n\n\n\n<p>Once your property is purchased, you&#8217;ll need to insure it. Talk to an insurance broker, <strong>insurance company<\/strong> or your <strong>bank<\/strong> to find the best insurance policy to suit your needs, remembering to advise them if the property will be empty for some time during the year.<\/p>\n\n\n\n<h3 class=\"wp-block-heading\">Taxes<\/h3>\n\n\n\n<figure class=\"wp-block-image\"><img decoding=\"async\" src=\"https:\/\/abcmallorcastorage.blob.core.windows.net\/images\/2021\/02\/Moving-to-mallorca-taxes.jpg\" alt=\"\" \/><\/figure>\n\n\n\n<h3 class=\"wp-block-heading\">Spain\u2019s Residence Tax Rules<\/h3>\n\n\n\n<p>Are you tax resident in Spain? This tax guide from Blevins Franks explains the tax rules in Spain and how it will affect your tax situation.<\/p>\n\n\n\n<h3 class=\"wp-block-heading\">Spanish tax for foreigners on Mallorca<\/h3>\n\n\n\n<p>Are you liable to pay tax in Spain? Find out about the changes in Spanish taxation in 2015 and how it will affect your personal circumstances.<\/p>\n\n\n\n<p>The <strong>Spanish tax year<\/strong> runs from <strong>January 1st to December 31st<\/strong> &#8211; and that&#8217;s the simplest thing that can be said on the subject! If you spend more than <strong>183 days a year<\/strong> in Mallorca (not necessarily consecutive), you are considered a resident for Spanish tax purposes, and will have to submit a <strong>tax return<\/strong> before the <strong>end of June each year<\/strong>. Taxation in Majorca &#8211; particularly if you have <strong>property and investments outside Spain<\/strong> &#8211; is a complex subject, best tackled with the expert guidance of a <strong>professional financial adviser<\/strong>. As well as income, wealth and possible other national taxes (depending on circumstances), there are <strong>municipal taxes<\/strong>, otherwise known as <strong>IBI<\/strong>, and <strong>rubbish tax<\/strong> (basura).<\/p>\n\n\n\n<h3 class=\"wp-block-heading\">Protect your investments<\/h3>\n\n\n\n<figure class=\"wp-block-image\"><img decoding=\"async\" src=\"https:\/\/abcmallorcastorage.blob.core.windows.net\/images\/2021\/02\/port-soller-74-2.jpg\" alt=\"\" \/><\/figure>\n\n\n\n<h3 class=\"wp-block-heading\">Blevins Franks Wealth Management<\/h3>\n\n\n\n<p>Blevins Franks Wealth Management can help you relocate to Mallorca and organise your cross-border tax planning, investments and UK pensions.<\/p>\n\n\n\n<figure class=\"wp-block-image\"><a href=\"https:\/\/www.abc-mallorca.com\/financial-planning-spain-tax\/\"><img decoding=\"async\" src=\"https:\/\/abcmallorcastorage.blob.core.windows.net\/images\/2018\/12\/lawyers-mallorca.jpg\" alt=\"Are your tax and wealth plans in shape for 2019?\" \/><\/a><\/figure>\n\n\n\n<h3 class=\"wp-block-heading\">Are your tax and wealth plans in shape for 2019?<\/h3>\n\n\n\n<p>Get your financial planning in order early in 2019, taking into account new tax law changes, and reap the rewards later on and for years to come.<\/p>\n\n\n\n<p>A professional financial adviser can do more than ensure optimum tax efficiency: They will help you with <strong>mortgages, pensions, trusts,<\/strong> and devise a wealth management strategy to suit your level of income and investments. In Mallorca,&nbsp;Blevins Franks \u2013 a long established group of <strong>financial advisers<\/strong> with offices in <strong>London<\/strong> and <strong>throughout Europe<\/strong> \u2013 have been looking after the needs of clients in Majorca for many years.&nbsp;<\/p>\n\n\n\n<h3 class=\"wp-block-heading\">Finding Help!<\/h3>\n\n\n\n<figure class=\"wp-block-image\"><img decoding=\"async\" src=\"https:\/\/abcmallorcastorage.blob.core.windows.net\/images\/2021\/02\/Moving-to-mallorca-Dolphin-gestoria.jpg\" alt=\"\" \/><\/figure>\n\n\n\n<p>There&#8217;s a lot of official paperwork involved in <strong>moving to and living in Mallorca<\/strong> and it can seem overwhelming &#8211; particularly if your Spanish language skills aren&#8217;t quite up to scratch. When in Spain, do as the Spanish do, and let someone else do all the hard work for you: A gestor\u00eda (providing administrative services) or other specialist service company will take the pain out of paperwork, leaving you to the important business of settling into your new life on this lovely island.<\/p>\n\n\n\n<h3 class=\"wp-block-heading\">Healthcare on Mallorca<\/h3>\n\n\n\n<figure class=\"wp-block-image\"><img decoding=\"async\" src=\"https:\/\/abcmallorcastorage.blob.core.windows.net\/images\/2021\/02\/Moving-to-Mallorca-Clinica-juaneda.jpg\" alt=\"\" \/><\/figure>\n\n\n\n<p>Mallorca has a wide range of excellent <strong>public and private health facilities<\/strong>, including <strong>hospitals, clinics, general practitioners, <\/strong>maternity services<strong>, dentists,<\/strong> <strong>medical specialists<\/strong>, and <strong>nursing services<\/strong>. Many will be able to attend to your needs in your own language. Eligibility for care under the <strong>Spanish state healthy system<\/strong> depends on your circumstances, and it&#8217;s worth seeking guidance. If you have existing private health cover in your country of origin, it might be transferable, but it can be more cost-effective to find a policy primarily for Spain. Careful research of the <strong>health insurance market<\/strong> could save you money, as policy cover and conditions vary considerably; there are several <strong>insurance brokers in Mallorca<\/strong> who can help you find the right <strong>healthcare policy<\/strong> for your circumstances.<\/p>\n\n\n\n<figure class=\"wp-block-image\"><a href=\"https:\/\/www.abc-mallorca.com\/health-insurance-mallorca\/\"><img decoding=\"async\" src=\"https:\/\/abcmallorcastorage.blob.core.windows.net\/images\/2020\/11\/asisa-mallorca.jpg\" alt=\"Asisa creates tailor-made Insurance policy for English speakers\" \/><\/a><\/figure>\n\n\n\n<h3 class=\"wp-block-heading\">Asisa creates tailor-made Insurance policy for English speakers<\/h3>\n\n\n\n<p>Join ASISA and receive the very best in Spanish private healthcare entirely in English! Find out more here.<\/p>\n\n\n\n<figure class=\"wp-block-image\"><a href=\"https:\/\/www.abc-mallorca.com\/medical-health\/\"><img decoding=\"async\" src=\"https:\/\/abcmallorcastorage.blob.core.windows.net\/images\/2021\/09\/medical-health-mallorca-04.jpg\" alt=\"Medical &amp; Health Mallorca\" \/><\/a><\/figure>\n\n\n\n<h3 class=\"wp-block-heading\">Medical &amp; Health Mallorca<\/h3>\n\n\n\n<p>Stay healthy and well on Mallorca with the help of abcMallorca&#8217;s reliable guide to everything medical and health related.<\/p>\n\n\n\n<figure class=\"wp-block-image\"><a href=\"https:\/\/www.abc-mallorca.com\/do-you-already-have-a-family-doctor-in-mallorca\/\"><img decoding=\"async\" src=\"https:\/\/abcmallorcastorage.blob.core.windows.net\/images\/2012\/02\/family-health-mallorca.jpg\" alt=\"Family Doctors in Mallorca\" \/><\/a><\/figure>\n\n\n\n<h3 class=\"wp-block-heading\">Family Doctors in Mallorca<\/h3>\n\n\n\n<p>Your comprehensive guide to finding a family doctor on Mallorca plus the best clinics and hospitals with staff who speak foreign languages<\/p>\n\n\n\n<h3 class=\"wp-block-heading\">Currency exchange<\/h3>\n\n\n\n<figure class=\"wp-block-image\"><img decoding=\"async\" src=\"https:\/\/abcmallorcastorage.blob.core.windows.net\/images\/2021\/02\/Moving-to-mallorca-Currency-exchange.jpg\" alt=\"\" \/><\/figure>\n\n\n\n<p>If you are making a <strong>lump sum payment<\/strong>, or have <strong>regular income<\/strong> (for example, <strong>a pension<\/strong>), from outside the <strong>Eurozone<\/strong>, the amount of money you have at your disposal will <strong>fluctuate with exchange rates<\/strong>. A currency exchange broker carefully monitors the <strong>money markets<\/strong>, and seek to make the <strong>currency transaction<\/strong> at the time when you&#8217;ll benefit from the <strong>best rate of exchange<\/strong>, to meet your deadlines.<\/p>\n\n\n\n<h3 class=\"wp-block-heading\">Driving a car in Mallorca<\/h3>\n\n\n\n<p>If you are bring a <strong>vehicle to Mallorca<\/strong> from your home country, it must be <strong>officially registered<\/strong> and any due <strong>importation tax<\/strong> must be paid (the same applies to a trailer). If you have a <strong>home on the island<\/strong>, you can drive the vehicle with its <strong>original registration plates for only 30 days<\/strong>, after which you<strong> must display Spanish registration plates <\/strong>if not you could find your car is confiscated. You&#8217;ll also need to register your <strong>original driving licence<\/strong> with the authorities. <strong>Road tax<\/strong> is payable each year, and any vehicles <strong>more than four years old<\/strong> must undergo an <strong>annual vehicle safety check<\/strong> known as an <strong>ITV<\/strong> (inspecci\u00f3n t\u00e9cnica de veh\u00edculos), at an official ITV centre. <strong>Spanish bureaucracy<\/strong> is renowned for its <strong>abundance of paperwork<\/strong> and, with vehicle-related matters (including boats), it seems endless. Expect to make several visits to the government&#8217;s Traffic Department (Tr\u00e1fico) in Palma . . . or seek help (see below).<\/p>\n\n\n\n<h3 class=\"wp-block-heading\">Education on Mallorca<\/h3>\n\n\n\n<figure class=\"wp-block-image\"><img decoding=\"async\" src=\"https:\/\/abcmallorcastorage.blob.core.windows.net\/images\/2021\/02\/Moving-to-mallorca-Educationsa.jpg\" alt=\"\" \/><\/figure>\n\n\n\n<h3 class=\"wp-block-heading\">Education in Mallorca<\/h3>\n\n\n\n<p>Making the decision on where to send your kid\/s to school is a big one so here is helpful background information to schools in Mallorca.<\/p>\n\n\n\n<figure class=\"wp-block-image\"><a href=\"https:\/\/www.abc-mallorca.com\/international-schools-in-mallorca\/\"><img decoding=\"async\" src=\"https:\/\/abcmallorcastorage.blob.core.windows.net\/images\/2012\/02\/international-schools-mallorca.jpg\" alt=\"International Schools on Mallorca\"\/><\/a><\/figure>\n\n\n\n<h3 class=\"wp-block-heading\">International Schools on Mallorca<\/h3>\n\n\n\n<p>All-round quality education for your child. Here is your complete guide to the best International schools on Mallorca.<\/p>\n\n\n\n<p>There&#8217;s a choice of local and international schools on Mallorca, to suit the curriculum you&#8217;d like your child to follow. International schools often have <strong>waiting lists,<\/strong> so planning the timing of your move is important. As well as <strong>enrollment<\/strong> and <strong>school fees<\/strong>, you&#8217;ll need to consider the costs of <strong>uniform<\/strong>, <strong>books, sports<\/strong> and other<strong> equipment.<\/strong><strong>British schools<\/strong> include: The Academy, Baleares International College, Bellver International College, King Richard III, Queen&#8217;s College; Eurocampus is open to <strong>German<\/strong> and <strong>Swedish students<\/strong> only and follows the education system for their countries, and the <strong>French curriculum<\/strong> is offered at the College Fran\u00e7ais de Palma. You will also find a <strong>Sixth Form college<\/strong> in Palma: Palma College offers bridging the gap between school and university with excellence in education; life skills and preparation for the world of work.&nbsp; The well-equipped international school \u00c1gora Portals is the <strong>largest private school in Mallorca<\/strong> and part of the Barcelona-based private school group <strong>NACE<\/strong>.<\/p>\n\n\n\n<h3 class=\"wp-block-heading\">Finding a job<\/h3>\n\n\n\n<p><a title=\"Job Portal Mallorca\" href=\"https:\/\/jobs.abc-mallorca.com\/\" target=\"_blank\" rel=\"noopener noreferrer\"><img decoding=\"async\" src=\"https:\/\/abcmallorcastorage.blob.core.windows.net\/images\/banner\/JobsPortal_Banner_en_1.gif\" alt=\"Job Portal Banner\"><\/a> If you plan to get a job on Mallorca, you&#8217;ll need to apply for a <strong>Social Security card<\/strong> and <strong>number<\/strong> and pay contributions (which will give you some State healthcare entitlement). Perhaps you dream of opening a business on Mallorca? EU citizens can set up a business on the island once they have their <strong>NIE<\/strong>. Spain has several types of <strong>legal structures for businesses<\/strong> (eg Aut\u00f3nomo\/sole proprietor; Sociedad Civil\/partnership) and you should seek <strong>professional advice<\/strong> to find the right one. You might require a special <strong>licence<\/strong> or, for a profession, need to have your qualifications recognised to practise on Mallorca. The <strong>entrepreneurial spirit<\/strong> is alive and well in Mallorca and the international <a title=\"\" href=\"https:\/\/www.abc-mallorca.com\/category\/business-en\/\">business<\/a> community here is full of successful business people. <strong>Networking<\/strong> with others in this community is an invaluable experience, allowing you to learn and share information, and forge useful<strong> collaborations<\/strong>.&nbsp;<\/p>\n\n\n\n<h3 class=\"wp-block-heading\">Settling in to life on Mallorca<\/h3>\n\n\n\n<figure class=\"wp-block-image\"><img decoding=\"async\" src=\"https:\/\/abcmallorcastorage.blob.core.windows.net\/images\/2021\/02\/moving-to-mallorca-making-friends.jpg\" alt=\"\"\/><\/figure>\n\n\n\n<p>Want to keep up with news and favourite TV programmes from your home country? Talk to one of the island&#8217;s specialists to arrange the relevant <strong>satellite TV<\/strong> service for your requirements. There are many companies offering this service to British clients&#8217;, and can install Sky, HD and Freesat. <strong>Making friends<\/strong> can be challenging in a new country \u2013 especially if you don&#8217;t have children \u2013 and it&#8217;s sometimes hard to establish a new social life.<\/p>","protected":false},"excerpt":{"rendered":"<p>Your complete guide to relocating to Mallorca When you make the life changing decision to relocate to Mallorca, there are many important things to consider. Here is your comprehensive guide [&hellip;]<\/p>","protected":false},"author":1,"featured_media":0,"parent":4875,"menu_order":0,"comment_status":"closed","ping_status":"closed","template":"","meta":{"footnotes":""},"class_list":["post-4907","page","type-page","status-publish","has-post-thumbnail","hentry"],"_links":{"self":[{"href":"https:\/\/swetele.com\/fr\/wp-json\/wp\/v2\/pages\/4907"}],"collection":[{"href":"https:\/\/swetele.com\/fr\/wp-json\/wp\/v2\/pages"}],"about":[{"href":"https:\/\/swetele.com\/fr\/wp-json\/wp\/v2\/types\/page"}],"author":[{"embeddable":true,"href":"https:\/\/swetele.com\/fr\/wp-json\/wp\/v2\/users\/1"}],"replies":[{"embeddable":true,"href":"https:\/\/swetele.com\/fr\/wp-json\/wp\/v2\/comments?post=4907"}],"version-history":[{"count":0,"href":"https:\/\/swetele.com\/fr\/wp-json\/wp\/v2\/pages\/4907\/revisions"}],"up":[{"embeddable":true,"href":"https:\/\/swetele.com\/fr\/wp-json\/wp\/v2\/pages\/4875"}],"wp:attachment":[{"href":"https:\/\/swetele.com\/fr\/wp-json\/wp\/v2\/media?parent=4907"}],"curies":[{"name":"wp","href":"https:\/\/api.w.org\/{rel}","templated":true}]}}